{"id":3394,"date":"2023-03-14T12:27:18","date_gmt":"2023-03-14T10:27:18","guid":{"rendered":"https:\/\/totcapital.md\/?page_id=3394"},"modified":"2024-05-07T00:27:17","modified_gmt":"2024-05-06T22:27:17","slug":"cookies","status":"publish","type":"page","link":"https:\/\/totcapital.md\/ro\/cookies\/","title":{"rendered":"Cookie Policy"},"content":{"rendered":"<p><strong>Politica privind utilizarea cookie-urilor pentru TOT-Capital.md<\/strong><\/p>\n<p>Aceasta este politica privind utilizarea cookie-urilor pentru TOT-Capital.md, accesibil\u0103 de la https:\/\/totcapital.md<\/p>\n<p><strong>Ce sunt cookie-urile<\/strong><\/p>\n<p>A\u0219a cum este practica obi\u0219nuit\u0103 cu aproape toate site-urile profesionale, acest site utilizeaz\u0103 cookie-uri, care sunt fi\u0219iere mici ce sunt desc\u0103rcate pe computerul dvs., pentru a \u00eembun\u0103t\u0103\u021bi experien\u021ba dvs. Aceast\u0103 pagin\u0103 descrie ce informa\u021bii adun\u0103, cum le utiliz\u0103m \u0219i de ce uneori este necesar s\u0103 stoc\u0103m aceste cookie-uri. De asemenea, vom \u00eemp\u0103rt\u0103\u0219i cum pute\u021bi preveni stocarea acestor cookie-uri, de\u0219i acest lucru poate degrada sau \u201estrica\u201d anumite elemente ale func\u021bionalit\u0103\u021bii site-ului.<\/p>\n<p><strong>Cum utiliz\u0103m cookie-urile<\/strong><\/p>\n<p>Utiliz\u0103m cookie-uri din mai multe motive detaliate mai jos. Din p\u0103cate, \u00een majoritatea cazurilor, nu exist\u0103 op\u021biuni standard \u00een industrie pentru dezactivarea cookie-urilor f\u0103r\u0103 a dezactiva complet func\u021bionalitatea \u0219i caracteristicile pe care le adaug\u0103 acestui site. Este recomandat s\u0103 l\u0103sa\u021bi toate cookie-urile activate dac\u0103 nu sunte\u021bi sigur dac\u0103 ave\u021bi nevoie de ele sau nu, \u00een cazul \u00een care sunt folosite pentru a furniza un serviciu pe care \u00eel utiliza\u021bi.<\/p>\n<p><strong>Dezactivarea cookie-urilor<\/strong><\/p>\n<p>Pute\u021bi preveni setarea cookie-urilor ajust\u00e2nd set\u0103rile pe browser-ul dvs. (consulta\u021bi ajutorul browser-ului pentru a vedea cum se face acest lucru). Fi\u021bi con\u0219tien\u021bi c\u0103 dezactivarea cookie-urilor va afecta func\u021bionalitatea acestui site \u0219i a multor alte site-uri pe care le vizita\u021bi. Dezactivarea cookie-urilor va rezulta de obicei \u00een dezactivarea anumitor func\u021bionalit\u0103\u021bi \u0219i caracteristici ale acestui site. Prin urmare, este recomandat s\u0103 nu dezactiva\u021bi cookie-urile. Aceast\u0103 Politic\u0103 privind Cookie-urile a fost creat\u0103 cu ajutorul generatorului de politici pentru cookie-uri.<\/p>\n<p><strong>Cookie-urile pe care le set\u0103m<\/strong><\/p>\n<p>&#8211; Cookie-uri legate de conturi<\/p>\n<p>&#8211; Dac\u0103 v\u0103 crea\u021bi un cont la noi, vom folosi cookie-uri pentru gestionarea procesului de \u00eenscriere \u0219i administra\u021bie general\u0103. Aceste cookie-uri vor fi de obicei \u0219terse c\u00e2nd v\u0103 deconecta\u021bi, \u00eens\u0103 \u00een unele cazuri pot r\u0103m\u00e2ne ulterior pentru a-\u0219i aminti preferin\u021bele dvs. de site c\u00e2nd sunte\u021bi deconectat.<\/p>\n<p>&#8211; Cookie-uri legate de autentificare<\/p>\n<p>&#8211; Utiliz\u0103m cookie-uri atunci c\u00e2nd sunte\u021bi autentificat, astfel \u00eenc\u00e2t s\u0103 ne amintim acest fapt. Acest lucru v\u0103 previne s\u0103 trebuiasc\u0103 s\u0103 v\u0103 autentifica\u021bi de fiecare dat\u0103 c\u00e2nd vizita\u021bi o nou\u0103 pagin\u0103. Aceste cookie-uri sunt de obicei eliminate sau cur\u0103\u021bate c\u00e2nd v\u0103 deconecta\u021bi pentru a asigura c\u0103 pute\u021bi accesa doar caracteristicile \u0219i zonele restric\u021bionate atunci c\u00e2nd sunte\u021bi autentificat.<\/p>\n<p>&#8211; Cookie-uri legate de abonamentele la newslettere<\/p>\n<p>&#8211; Acest site ofer\u0103 servicii de abonament la newsletter sau email \u0219i cookie-urile pot fi folosite pentru a v\u0103 aminti dac\u0103 sunte\u021bi deja \u00eenregistrat \u0219i dac\u0103 s\u0103 afi\u0219\u0103m anumite notific\u0103ri care ar putea fi valide doar pentru utilizatorii abona\u021bi\/neabona\u021bi.<\/p>\n<p>&#8211; Cookie-uri legate de procesarea comenzilor<\/p>\n<p>&#8211; Acest site ofer\u0103 facilit\u0103\u021bi de e-commerce sau de plat\u0103 \u0219i unele cookie-uri sunt esen\u021biale pentru a asigura c\u0103 comanda dvs. este amintit\u0103 \u00eentre pagini, astfel \u00eenc\u00e2t s\u0103 o putem procesa corespunz\u0103tor.<\/p>\n<p>&#8211; Cookie-uri legate de sondaje<\/p>\n<p>&#8211; Din c\u00e2nd \u00een c\u00e2nd, oferim sondaje \u0219i chestionare utilizatorilor pentru a v\u0103 furniza perspective interesante, unelte utile sau pentru a \u00een\u021belege mai bine baza noastr\u0103 de utilizatori. Aceste sondaje pot folosi cookie-uri pentru a \u021bine minte cine a participat deja la un sondaj sau pentru a v\u0103 oferi rezultate exacte dup\u0103 ce schimba\u021bi paginile.<\/p>\n<p>&#8211; Cookie-uri legate de formulare<\/p>\n<p>&#8211; C\u00e2nd trimite\u021bi date printr-un formular, cum ar fi cele g\u0103site pe paginile de contact sau formularele de comentarii, cookie-urile pot fi setate pentru a-\u0219i aminti detaliile dvs. de utilizator pentru coresponden\u021ba viitoare.<\/p>\n<p>&#8211; Cookie-uri legate de preferin\u021bele site-ului<\/p>\n<p>&#8211; Pentru a v\u0103 oferi o experien\u021b\u0103 pl\u0103cut\u0103 pe acest site, oferim func\u021bionalitatea de a seta preferin\u021bele dvs. pentru modul \u00een care acest site func\u021bioneaz\u0103 c\u00e2nd \u00eel folosi\u021bi. Pentru a ne aminti preferin\u021bele dvs. trebuie s\u0103 set\u0103m cookie-uri astfel \u00eenc\u00e2t aceste informa\u021bii s\u0103 poat\u0103 fi apelate ori de c\u00e2te ori interac\u021biona\u021bi cu o pagin\u0103 care este afectat\u0103 de preferin\u021bele dvs.<\/p>\n<p><strong>Cookie-uri de la ter\u021bi<\/strong><\/p>\n<p>\u00cen unele cazuri speciale, folosim de asemenea cookie-uri furnizate de ter\u021bi de \u00eencredere. Urm\u0103toarea sec\u021biune detaliaz\u0103 ce cookie-uri de la ter\u021bi pute\u021bi \u00eent\u00e2lni prin intermediul acestui site.<\/p>\n<p>&#8211; Acest site utilizeaz\u0103 Google Analytics, care este una dintre cele mai r\u0103sp\u00e2ndite \u0219i de \u00eencredere solu\u021bii de analiz\u0103 de pe web, pentru a ne ajuta s\u0103 \u00een\u021belegem cum utiliza\u021bi site-ul \u0219i modurile \u00een care putem \u00eembun\u0103t\u0103\u021bi experien\u021ba dvs. Aceste cookie-uri pot urm\u0103ri lucruri precum c\u00e2t timp petrece\u021bi pe site \u0219i paginile pe care le vizita\u021bi, astfel \u00eenc\u00e2t s\u0103 putem continua s\u0103 producem con\u021binut atractiv.<\/p>\n<p>&#8211; Pentru mai multe informa\u021bii despre cookie-urile Google Analytics, consulta\u021bi pagina oficial\u0103 Google Analytics.<\/p>\n<p>&#8211; Din c\u00e2nd \u00een c\u00e2nd test\u0103m noi caracteristici \u0219i facem modific\u0103ri subtile \u00een modul \u00een care site-ul este livrat. C\u00e2nd \u00eenc\u0103 test\u0103m noi caracteristici, aceste cookie-uri pot fi folosite pentru a asigura c\u0103 primi\u021bi o experien\u021b\u0103 consecvent\u0103 \u00een timp ce sunte\u021bi pe site, asigur\u00e2ndu-ne \u00een acela\u0219i timp c\u0103 \u00een\u021belegem care optimiz\u0103ri apreciaz\u0103 cel mai mult utilizatorii no\u0219tri.<\/p>\n<p>&#8211; Deoarece vindem produse, este important pentru noi s\u0103 \u00een\u021belegem statistici despre c\u00e2\u021bi dintre vizitatorii site-ului nostru fac de fapt o achizi\u021bie \u0219i, ca atare, acesta este genul de date pe care aceste cookie-uri le vor urm\u0103ri. Acest lucru este important pentru dvs., deoarece \u00eenseamn\u0103 c\u0103 putem face previziuni de afaceri precise care ne permit s\u0103 monitoriz\u0103m costurile noastre de publicitate \u0219i de produs pentru a asigura cel mai bun pre\u021b posibil.<\/p>\n<p>&#8211; Mai mul\u021bi parteneri fac publicitate \u00een numele nostru \u0219i cookie-urile de urm\u0103rire a afilia\u021bilor pur \u0219i simplu ne permit s\u0103 vedem dac\u0103 clien\u021bii no\u0219tri au venit pe site prin intermediul unuia dintre site-urile partenerilor no\u0219tri, astfel \u00eenc\u00e2t s\u0103-i putem credit\u0430 corespunz\u0103tor \u0219i, acolo unde este aplicabil, s\u0103 permit\u0103m partenerilor no\u0219tri afilia\u021bi s\u0103 ofere orice bonus pe care l-ar putea oferi pentru efectuarea unei achizi\u021bii.<\/p>\n<p>&#8211; De asemenea, folosim butoane \u0219i\/sau pluginuri de re\u021bele sociale pe acest site care v\u0103 permit s\u0103 v\u0103 conecta\u021bi cu re\u021beaua dvs. social\u0103 \u00een diverse moduri. Pentru ca acestea s\u0103 func\u021bioneze, urm\u0103toarele site-uri de re\u021bele sociale vor seta cookie-uri prin intermediul site-ului nostru, care pot fi folosite pentru a \u00eembun\u0103t\u0103\u021bi profilul dvs. pe site-ul lor sau pentru a contribui la datele pe care le de\u021bin \u00een diverse scopuri prezentate \u00een politicile lor respective de confiden\u021bialitate.<\/p>\n<p><strong>Mai multe informa\u021bii<\/strong><\/p>\n<p>Sper\u0103m c\u0103 aceasta a clarificat lucrurile pentru dvs. \u0219i, a\u0219a cum a fost men\u021bionat anterior, dac\u0103 exist\u0103 ceva de care nu sunte\u021bi sigur dac\u0103 ave\u021bi nevoie sau nu, de obicei este mai sigur s\u0103 l\u0103sa\u021bi cookie-urile activate \u00een cazul \u00een care interac\u021bioneaz\u0103 cu una dintre func\u021biile pe care le utiliza\u021bi pe site-ul nostru.<\/p>\n<p>Cu toate acestea, dac\u0103 \u00eenc\u0103 c\u0103uta\u021bi mai multe informa\u021bii, atunci ne pute\u021bi contacta prin una dintre metodele noastre preferate de contact:<\/p>\n<p>&#8211; Email: info@totcapital.md<br \/>\n&#8211; Formular de contact<\/p>\n","protected":false},"excerpt":{"rendered":"<p>Politica privind utilizarea cookie-urilor pentru TOT-Capital.md Aceasta este politica privind utilizarea cookie-urilor pentru TOT-Capital.md, accesibil\u0103 de la https:\/\/totcapital.md Ce sunt cookie-urile A\u0219a cum este practica obi\u0219nuit\u0103 cu aproape toate site-urile profesionale, acest site utilizeaz\u0103 cookie-uri, care sunt fi\u0219iere mici ce sunt desc\u0103rcate pe computerul dvs., pentru a \u00eembun\u0103t\u0103\u021bi experien\u021ba dvs. Aceast\u0103 pagin\u0103 descrie ce informa\u021bii [&hellip;]<\/p>\n","protected":false},"author":1,"featured_media":0,"parent":0,"menu_order":0,"comment_status":"closed","ping_status":"closed","template":"","meta":{"_monsterinsights_skip_tracking":false,"_monsterinsights_sitenote_active":false,"_monsterinsights_sitenote_note":"","_monsterinsights_sitenote_category":0,"footnotes":""},"class_list":["post-3394","page","type-page","status-publish","hentry"],"yoast_head":"<!-- This site is optimized with the Yoast SEO plugin v25.2 - https:\/\/yoast.com\/wordpress\/plugins\/seo\/ -->\n<title>Cookie Policy - TotCapital<\/title>\n<meta name=\"robots\" content=\"index, follow, max-snippet:-1, max-image-preview:large, max-video-preview:-1\" \/>\n<link rel=\"canonical\" href=\"https:\/\/totcapital.md\/ro\/cookies\/\" \/>\n<meta property=\"og:locale\" content=\"ro_RO\" \/>\n<meta property=\"og:type\" content=\"article\" \/>\n<meta property=\"og:title\" content=\"Cookie Policy - TotCapital\" \/>\n<meta property=\"og:description\" content=\"Politica privind utilizarea cookie-urilor pentru TOT-Capital.md Aceasta este politica privind utilizarea cookie-urilor pentru TOT-Capital.md, accesibil\u0103 de la https:\/\/totcapital.md Ce sunt cookie-urile A\u0219a cum este practica obi\u0219nuit\u0103 cu aproape toate site-urile profesionale, acest site utilizeaz\u0103 cookie-uri, care sunt fi\u0219iere mici ce sunt desc\u0103rcate pe computerul dvs., pentru a \u00eembun\u0103t\u0103\u021bi experien\u021ba dvs. Aceast\u0103 pagin\u0103 descrie ce informa\u021bii [&hellip;]\" \/>\n<meta property=\"og:url\" content=\"https:\/\/totcapital.md\/ro\/cookies\/\" \/>\n<meta property=\"og:site_name\" content=\"TotCapital\" \/>\n<meta property=\"article:modified_time\" content=\"2024-05-06T22:27:17+00:00\" \/>\n<meta name=\"twitter:card\" content=\"summary_large_image\" \/>\n<meta name=\"twitter:label1\" content=\"Timp estimat pentru citire\" \/>\n\t<meta name=\"twitter:data1\" content=\"6 minute\" \/>\n<script type=\"application\/ld+json\" class=\"yoast-schema-graph\">{\"@context\":\"https:\/\/schema.org\",\"@graph\":[{\"@type\":\"WebPage\",\"@id\":\"https:\/\/totcapital.md\/cookies\/\",\"url\":\"https:\/\/totcapital.md\/cookies\/\",\"name\":\"Cookie Policy - TotCapital\",\"isPartOf\":{\"@id\":\"https:\/\/totcapital.md\/#website\"},\"datePublished\":\"2023-03-14T10:27:18+00:00\",\"dateModified\":\"2024-05-06T22:27:17+00:00\",\"breadcrumb\":{\"@id\":\"https:\/\/totcapital.md\/cookies\/#breadcrumb\"},\"inLanguage\":\"ro-RO\",\"potentialAction\":[{\"@type\":\"ReadAction\",\"target\":[\"https:\/\/totcapital.md\/cookies\/\"]}]},{\"@type\":\"BreadcrumbList\",\"@id\":\"https:\/\/totcapital.md\/cookies\/#breadcrumb\",\"itemListElement\":[{\"@type\":\"ListItem\",\"position\":1,\"name\":\"Home\",\"item\":\"https:\/\/totcapital.md\/\"},{\"@type\":\"ListItem\",\"position\":2,\"name\":\"Cookie Policy\"}]},{\"@type\":\"WebSite\",\"@id\":\"https:\/\/totcapital.md\/#website\",\"url\":\"https:\/\/totcapital.md\/\",\"name\":\"TotCapital\",\"description\":\"Tot mai aproape de visul\u00a0t\u0103u!\",\"potentialAction\":[{\"@type\":\"SearchAction\",\"target\":{\"@type\":\"EntryPoint\",\"urlTemplate\":\"https:\/\/totcapital.md\/?s={search_term_string}\"},\"query-input\":{\"@type\":\"PropertyValueSpecification\",\"valueRequired\":true,\"valueName\":\"search_term_string\"}}],\"inLanguage\":\"ro-RO\"}]}<\/script>\n<!-- \/ Yoast SEO plugin. -->","yoast_head_json":{"title":"Cookie Policy - TotCapital","robots":{"index":"index","follow":"follow","max-snippet":"max-snippet:-1","max-image-preview":"max-image-preview:large","max-video-preview":"max-video-preview:-1"},"canonical":"https:\/\/totcapital.md\/ro\/cookies\/","og_locale":"ro_RO","og_type":"article","og_title":"Cookie Policy - TotCapital","og_description":"Politica privind utilizarea cookie-urilor pentru TOT-Capital.md Aceasta este politica privind utilizarea cookie-urilor pentru TOT-Capital.md, accesibil\u0103 de la https:\/\/totcapital.md Ce sunt cookie-urile A\u0219a cum este practica obi\u0219nuit\u0103 cu aproape toate site-urile profesionale, acest site utilizeaz\u0103 cookie-uri, care sunt fi\u0219iere mici ce sunt desc\u0103rcate pe computerul dvs., pentru a \u00eembun\u0103t\u0103\u021bi experien\u021ba dvs. Aceast\u0103 pagin\u0103 descrie ce informa\u021bii [&hellip;]","og_url":"https:\/\/totcapital.md\/ro\/cookies\/","og_site_name":"TotCapital","article_modified_time":"2024-05-06T22:27:17+00:00","twitter_card":"summary_large_image","twitter_misc":{"Timp estimat pentru citire":"6 minute"},"schema":{"@context":"https:\/\/schema.org","@graph":[{"@type":"WebPage","@id":"https:\/\/totcapital.md\/cookies\/","url":"https:\/\/totcapital.md\/cookies\/","name":"Cookie Policy - TotCapital","isPartOf":{"@id":"https:\/\/totcapital.md\/#website"},"datePublished":"2023-03-14T10:27:18+00:00","dateModified":"2024-05-06T22:27:17+00:00","breadcrumb":{"@id":"https:\/\/totcapital.md\/cookies\/#breadcrumb"},"inLanguage":"ro-RO","potentialAction":[{"@type":"ReadAction","target":["https:\/\/totcapital.md\/cookies\/"]}]},{"@type":"BreadcrumbList","@id":"https:\/\/totcapital.md\/cookies\/#breadcrumb","itemListElement":[{"@type":"ListItem","position":1,"name":"Home","item":"https:\/\/totcapital.md\/"},{"@type":"ListItem","position":2,"name":"Cookie Policy"}]},{"@type":"WebSite","@id":"https:\/\/totcapital.md\/#website","url":"https:\/\/totcapital.md\/","name":"TotCapital","description":"Tot mai aproape de visul\u00a0t\u0103u!","potentialAction":[{"@type":"SearchAction","target":{"@type":"EntryPoint","urlTemplate":"https:\/\/totcapital.md\/?s={search_term_string}"},"query-input":{"@type":"PropertyValueSpecification","valueRequired":true,"valueName":"search_term_string"}}],"inLanguage":"ro-RO"}]}},"_links":{"self":[{"href":"https:\/\/totcapital.md\/ro\/wp-json\/wp\/v2\/pages\/3394","targetHints":{"allow":["GET"]}}],"collection":[{"href":"https:\/\/totcapital.md\/ro\/wp-json\/wp\/v2\/pages"}],"about":[{"href":"https:\/\/totcapital.md\/ro\/wp-json\/wp\/v2\/types\/page"}],"author":[{"embeddable":true,"href":"https:\/\/totcapital.md\/ro\/wp-json\/wp\/v2\/users\/1"}],"replies":[{"embeddable":true,"href":"https:\/\/totcapital.md\/ro\/wp-json\/wp\/v2\/comments?post=3394"}],"version-history":[{"count":5,"href":"https:\/\/totcapital.md\/ro\/wp-json\/wp\/v2\/pages\/3394\/revisions"}],"predecessor-version":[{"id":6975,"href":"https:\/\/totcapital.md\/ro\/wp-json\/wp\/v2\/pages\/3394\/revisions\/6975"}],"wp:attachment":[{"href":"https:\/\/totcapital.md\/ro\/wp-json\/wp\/v2\/media?parent=3394"}],"curies":[{"name":"wp","href":"https:\/\/api.w.org\/{rel}","templated":true}]}}