{"id":6549,"date":"2024-03-19T16:14:54","date_gmt":"2024-03-19T14:14:54","guid":{"rendered":"https:\/\/totcapital.md\/?page_id=6549"},"modified":"2024-03-26T03:44:04","modified_gmt":"2024-03-26T01:44:04","slug":"services","status":"publish","type":"page","link":"https:\/\/totcapital.md\/en\/services\/","title":{"rendered":"Services"},"content":{"rendered":"<div data-elementor-type=\"wp-page\" data-elementor-id=\"6549\" class=\"elementor elementor-6549\">\n\t\t\t\t\t\t<section class=\"elementor-section elementor-top-section elementor-element elementor-element-322ba16 elementor-section-boxed elementor-section-height-default elementor-section-height-default\" data-id=\"322ba16\" data-element_type=\"section\">\n\t\t\t\t\t\t<div class=\"elementor-container elementor-column-gap-default\">\n\t\t\t\t\t<div class=\"elementor-column elementor-col-100 elementor-top-column elementor-element elementor-element-9f05c8f\" data-id=\"9f05c8f\" data-element_type=\"column\">\n\t\t\t<div class=\"elementor-widget-wrap elementor-element-populated\">\n\t\t\t\t\t\t<div class=\"elementor-element elementor-element-2934a95 elementor-widget elementor-widget-heading\" data-id=\"2934a95\" data-element_type=\"widget\" data-widget_type=\"heading.default\">\n\t\t\t\t<div class=\"elementor-widget-container\">\n\t\t\t<style>\/*! elementor - v3.21.0 - 30-04-2024 *\/\n.elementor-heading-title{padding:0;margin:0;line-height:1}.elementor-widget-heading .elementor-heading-title[class*=elementor-size-]>a{color:inherit;font-size:inherit;line-height:inherit}.elementor-widget-heading .elementor-heading-title.elementor-size-small{font-size:15px}.elementor-widget-heading .elementor-heading-title.elementor-size-medium{font-size:19px}.elementor-widget-heading .elementor-heading-title.elementor-size-large{font-size:29px}.elementor-widget-heading .elementor-heading-title.elementor-size-xl{font-size:39px}.elementor-widget-heading .elementor-heading-title.elementor-size-xxl{font-size:59px}<\/style><h2 class=\"elementor-heading-title elementor-size-default\">The TotCapital company can provide you with professional support in the following areas:\n<\/h2>\t\t<\/div>\n\t\t\t\t<\/div>\n\t\t\t\t\t<\/div>\n\t\t<\/div>\n\t\t\t\t\t<\/div>\n\t\t<\/section>\n\t\t\t\t<section class=\"elementor-section elementor-top-section elementor-element elementor-element-5398d75 elementor-section-boxed elementor-section-height-default elementor-section-height-default\" data-id=\"5398d75\" data-element_type=\"section\">\n\t\t\t\t\t\t<div class=\"elementor-container elementor-column-gap-default\">\n\t\t\t\t\t<div class=\"elementor-column elementor-col-100 elementor-top-column elementor-element elementor-element-be6e8f0\" data-id=\"be6e8f0\" data-element_type=\"column\">\n\t\t\t<div class=\"elementor-widget-wrap elementor-element-populated\">\n\t\t\t\t\t\t<div class=\"elementor-element elementor-element-aa3f3e2 elementor-position-right elementor-vertical-align-top elementor-widget elementor-widget-image-box\" data-id=\"aa3f3e2\" data-element_type=\"widget\" data-widget_type=\"image-box.default\">\n\t\t\t\t<div class=\"elementor-widget-container\">\n\t\t\t<style>\/*! elementor - v3.21.0 - 30-04-2024 *\/\n.elementor-widget-image-box .elementor-image-box-content{width:100%}@media (min-width:768px){.elementor-widget-image-box.elementor-position-left .elementor-image-box-wrapper,.elementor-widget-image-box.elementor-position-right .elementor-image-box-wrapper{display:flex}.elementor-widget-image-box.elementor-position-right .elementor-image-box-wrapper{text-align:end;flex-direction:row-reverse}.elementor-widget-image-box.elementor-position-left .elementor-image-box-wrapper{text-align:start;flex-direction:row}.elementor-widget-image-box.elementor-position-top .elementor-image-box-img{margin:auto}.elementor-widget-image-box.elementor-vertical-align-top .elementor-image-box-wrapper{align-items:flex-start}.elementor-widget-image-box.elementor-vertical-align-middle .elementor-image-box-wrapper{align-items:center}.elementor-widget-image-box.elementor-vertical-align-bottom .elementor-image-box-wrapper{align-items:flex-end}}@media (max-width:767px){.elementor-widget-image-box .elementor-image-box-img{margin-left:auto!important;margin-right:auto!important;margin-bottom:15px}}.elementor-widget-image-box .elementor-image-box-img{display:inline-block}.elementor-widget-image-box .elementor-image-box-title a{color:inherit}.elementor-widget-image-box .elementor-image-box-wrapper{text-align:center}.elementor-widget-image-box .elementor-image-box-description{margin:0}<\/style><div class=\"elementor-image-box-wrapper\"><figure class=\"elementor-image-box-img\"><img decoding=\"async\" src=\"\/uploads\/img\/services\/servicii-de-intermediere-mediere-negocieri-si-consultare-imobiliara.webp\" title=\"\" alt=\"\" loading=\"lazy\" \/><\/figure><div class=\"elementor-image-box-content\"><h3 class=\"elementor-image-box-title\">Brokerage, mediation\/negotiation and real estate consulting services<\/h3><p class=\"elementor-image-box-description\">TotCapital offers expertise in facilitating real estate transactions, helping clients identify and purchase properties that suit their needs, or sell existing properties. This includes mediation and negotiation of transaction terms to reach a mutually beneficial agreement, as well as specialist advice throughout the process.<\/p><\/div><\/div>\t\t<\/div>\n\t\t\t\t<\/div>\n\t\t\t\t\t<\/div>\n\t\t<\/div>\n\t\t\t\t\t<\/div>\n\t\t<\/section>\n\t\t\t\t<section class=\"elementor-section elementor-top-section elementor-element elementor-element-dbfd713 elementor-section-boxed elementor-section-height-default elementor-section-height-default\" data-id=\"dbfd713\" data-element_type=\"section\">\n\t\t\t\t\t\t<div class=\"elementor-container elementor-column-gap-default\">\n\t\t\t\t\t<div class=\"elementor-column elementor-col-100 elementor-top-column elementor-element elementor-element-51fc2dc\" data-id=\"51fc2dc\" data-element_type=\"column\">\n\t\t\t<div class=\"elementor-widget-wrap elementor-element-populated\">\n\t\t\t\t\t\t<div class=\"elementor-element elementor-element-7cb48be elementor-position-left elementor-vertical-align-top elementor-widget elementor-widget-image-box\" data-id=\"7cb48be\" data-element_type=\"widget\" data-widget_type=\"image-box.default\">\n\t\t\t\t<div class=\"elementor-widget-container\">\n\t\t\t<div class=\"elementor-image-box-wrapper\"><figure class=\"elementor-image-box-img\"><img decoding=\"async\" src=\"\/uploads\/img\/services\/servicii-juridice-contracte-de-toate-tipurile-dosare-civile.webp\" title=\"\" alt=\"\" loading=\"lazy\" \/><\/figure><div class=\"elementor-image-box-content\"><h3 class=\"elementor-image-box-title\">Legal services: contracts of all types, civil cases<\/h3><p class=\"elementor-image-box-description\">The company provides professional legal assistance in drafting and reviewing contracts of various types, as well as consulting and representation in civil litigation. This service ensures that customers' rights and interests are protected during transactions or legal disputes.<\/p><\/div><\/div>\t\t<\/div>\n\t\t\t\t<\/div>\n\t\t\t\t\t<\/div>\n\t\t<\/div>\n\t\t\t\t\t<\/div>\n\t\t<\/section>\n\t\t\t\t<section class=\"elementor-section elementor-top-section elementor-element elementor-element-a20782b elementor-section-boxed elementor-section-height-default elementor-section-height-default\" data-id=\"a20782b\" data-element_type=\"section\">\n\t\t\t\t\t\t<div class=\"elementor-container elementor-column-gap-default\">\n\t\t\t\t\t<div class=\"elementor-column elementor-col-100 elementor-top-column elementor-element elementor-element-6f288b9\" data-id=\"6f288b9\" data-element_type=\"column\">\n\t\t\t<div class=\"elementor-widget-wrap elementor-element-populated\">\n\t\t\t\t\t\t<div class=\"elementor-element elementor-element-297705c elementor-position-right elementor-vertical-align-top elementor-widget elementor-widget-image-box\" data-id=\"297705c\" data-element_type=\"widget\" data-widget_type=\"image-box.default\">\n\t\t\t\t<div class=\"elementor-widget-container\">\n\t\t\t<div class=\"elementor-image-box-wrapper\"><figure class=\"elementor-image-box-img\"><img decoding=\"async\" src=\"\/uploads\/img\/services\/servicii-cadastrale-proiectari-divizari-schimbare-destinatii-si-altele.webp\" title=\"\" alt=\"\" loading=\"lazy\" \/><\/figure><div class=\"elementor-image-box-content\"><h3 class=\"elementor-image-box-title\">Cadastral services: designs, divisions, change of destination and others<\/h3><p class=\"elementor-image-box-description\">TotCapital offers cadastral services that include the design and division of properties, change of land use and other procedures necessary to regulate the legal status or use of real estate.<\/p><\/div><\/div>\t\t<\/div>\n\t\t\t\t<\/div>\n\t\t\t\t\t<\/div>\n\t\t<\/div>\n\t\t\t\t\t<\/div>\n\t\t<\/section>\n\t\t\t\t<section class=\"elementor-section elementor-top-section elementor-element elementor-element-198aa0e elementor-section-boxed elementor-section-height-default elementor-section-height-default\" data-id=\"198aa0e\" data-element_type=\"section\">\n\t\t\t\t\t\t<div class=\"elementor-container elementor-column-gap-default\">\n\t\t\t\t\t<div class=\"elementor-column elementor-col-100 elementor-top-column elementor-element elementor-element-8bcbcaa\" data-id=\"8bcbcaa\" data-element_type=\"column\">\n\t\t\t<div class=\"elementor-widget-wrap elementor-element-populated\">\n\t\t\t\t\t\t<div class=\"elementor-element elementor-element-3765094 elementor-position-left elementor-vertical-align-top elementor-widget elementor-widget-image-box\" data-id=\"3765094\" data-element_type=\"widget\" data-widget_type=\"image-box.default\">\n\t\t\t\t<div class=\"elementor-widget-container\">\n\t\t\t<div class=\"elementor-image-box-wrapper\"><figure class=\"elementor-image-box-img\"><img decoding=\"async\" src=\"\/uploads\/img\/services\/asistenta-bancara-credite-ipotecare.webp\" title=\"\" alt=\"\" loading=\"lazy\" \/><\/figure><div class=\"elementor-image-box-content\"><h3 class=\"elementor-image-box-title\">Banking assistance: mortgages<\/h3><p class=\"elementor-image-box-description\">The company helps customers navigate through the process of obtaining mortgage loans, offering advice and assistance in choosing the most suitable financial solution for the purchase of properties.<\/p><\/div><\/div>\t\t<\/div>\n\t\t\t\t<\/div>\n\t\t\t\t\t<\/div>\n\t\t<\/div>\n\t\t\t\t\t<\/div>\n\t\t<\/section>\n\t\t\t\t<section class=\"elementor-section elementor-top-section elementor-element elementor-element-b73a7b5 elementor-section-boxed elementor-section-height-default elementor-section-height-default\" data-id=\"b73a7b5\" data-element_type=\"section\">\n\t\t\t\t\t\t<div class=\"elementor-container elementor-column-gap-default\">\n\t\t\t\t\t<div class=\"elementor-column elementor-col-100 elementor-top-column elementor-element elementor-element-b160bfb\" data-id=\"b160bfb\" data-element_type=\"column\">\n\t\t\t<div class=\"elementor-widget-wrap elementor-element-populated\">\n\t\t\t\t\t\t<div class=\"elementor-element elementor-element-42b4028 elementor-position-right elementor-vertical-align-top elementor-widget elementor-widget-image-box\" data-id=\"42b4028\" data-element_type=\"widget\" data-widget_type=\"image-box.default\">\n\t\t\t\t<div class=\"elementor-widget-container\">\n\t\t\t<div class=\"elementor-image-box-wrapper\"><figure class=\"elementor-image-box-img\"><img decoding=\"async\" src=\"\/uploads\/img\/services\/asigurari-imobiliare.webp\" title=\"\" alt=\"\" loading=\"lazy\" \/><\/figure><div class=\"elementor-image-box-content\"><h3 class=\"elementor-image-box-title\">Real estate insurance<\/h3><p class=\"elementor-image-box-description\">TotCapital works with insurance agents to offer clients real estate insurance options that protect properties against various risks, giving owners peace of mind.<\/p><\/div><\/div>\t\t<\/div>\n\t\t\t\t<\/div>\n\t\t\t\t\t<\/div>\n\t\t<\/div>\n\t\t\t\t\t<\/div>\n\t\t<\/section>\n\t\t\t\t<section class=\"elementor-section elementor-top-section elementor-element elementor-element-bd71d94 elementor-section-boxed elementor-section-height-default elementor-section-height-default\" data-id=\"bd71d94\" data-element_type=\"section\">\n\t\t\t\t\t\t<div class=\"elementor-container elementor-column-gap-default\">\n\t\t\t\t\t<div class=\"elementor-column elementor-col-100 elementor-top-column elementor-element elementor-element-ca57cd5\" data-id=\"ca57cd5\" data-element_type=\"column\">\n\t\t\t<div class=\"elementor-widget-wrap elementor-element-populated\">\n\t\t\t\t\t\t<div class=\"elementor-element elementor-element-0c83baf elementor-position-left elementor-vertical-align-top elementor-widget elementor-widget-image-box\" data-id=\"0c83baf\" data-element_type=\"widget\" data-widget_type=\"image-box.default\">\n\t\t\t\t<div class=\"elementor-widget-container\">\n\t\t\t<div class=\"elementor-image-box-wrapper\"><figure class=\"elementor-image-box-img\"><img decoding=\"async\" src=\"\/uploads\/img\/services\/investii-imobiliare.webp\" title=\"\" alt=\"\" loading=\"lazy\" \/><\/figure><div class=\"elementor-image-box-content\"><h3 class=\"elementor-image-box-title\">Real Estate Investments<\/h3><p class=\"elementor-image-box-description\">The company provides real estate investment consulting, helping investors identify profitable market opportunities, analyze investment potential and manage property portfolios to maximize returns.<\/p><\/div><\/div>\t\t<\/div>\n\t\t\t\t<\/div>\n\t\t\t\t\t<\/div>\n\t\t<\/div>\n\t\t\t\t\t<\/div>\n\t\t<\/section>\n\t\t\t\t<section class=\"elementor-section elementor-top-section elementor-element elementor-element-5190730 elementor-section-boxed elementor-section-height-default elementor-section-height-default\" data-id=\"5190730\" data-element_type=\"section\">\n\t\t\t\t\t\t<div class=\"elementor-container elementor-column-gap-default\">\n\t\t\t\t\t<div class=\"elementor-column elementor-col-100 elementor-top-column elementor-element elementor-element-7eca78d\" data-id=\"7eca78d\" data-element_type=\"column\">\n\t\t\t<div class=\"elementor-widget-wrap elementor-element-populated\">\n\t\t\t\t\t\t<div class=\"elementor-element elementor-element-f5870bb elementor-position-right elementor-vertical-align-top elementor-widget elementor-widget-image-box\" data-id=\"f5870bb\" data-element_type=\"widget\" data-widget_type=\"image-box.default\">\n\t\t\t\t<div class=\"elementor-widget-container\">\n\t\t\t<div class=\"elementor-image-box-wrapper\"><figure class=\"elementor-image-box-img\"><img decoding=\"async\" src=\"\/uploads\/img\/services\/servicii-in-constructie-pregatire-acte-proiecte-certificate-autorizatii.webp\" title=\"\" alt=\"\" loading=\"lazy\" \/><\/figure><div class=\"elementor-image-box-content\"><h3 class=\"elementor-image-box-title\">Services in construction, preparation of documents, projects, certificates, authorizations, construction of houses\/residential blocks, repairs, exploitation, other works<\/h3><p class=\"elementor-image-box-description\">TotCapital provides a wide range of services in the field of construction, from the preparation of the necessary documentation, design and obtaining permits, to the actual construction of houses or residential blocks and carrying out repairs or maintenance work. These services are designed to simplify the construction process for customers, ensuring that projects are completed in accordance with quality and safety standards.<\/p><\/div><\/div>\t\t<\/div>\n\t\t\t\t<\/div>\n\t\t\t\t\t<\/div>\n\t\t<\/div>\n\t\t\t\t\t<\/div>\n\t\t<\/section>\n\t\t\t\t<section class=\"elementor-section elementor-top-section elementor-element elementor-element-6043622 elementor-section-boxed elementor-section-height-default elementor-section-height-default\" data-id=\"6043622\" data-element_type=\"section\">\n\t\t\t\t\t\t<div class=\"elementor-container elementor-column-gap-default\">\n\t\t\t\t\t<div class=\"elementor-column elementor-col-100 elementor-top-column elementor-element elementor-element-289a96a\" data-id=\"289a96a\" data-element_type=\"column\">\n\t\t\t<div class=\"elementor-widget-wrap\">\n\t\t\t\t\t\t\t<\/div>\n\t\t<\/div>\n\t\t\t\t\t<\/div>\n\t\t<\/section>\n\t\t\t\t<section class=\"elementor-section elementor-top-section elementor-element elementor-element-1ff01ee elementor-section-boxed elementor-section-height-default elementor-section-height-default\" data-id=\"1ff01ee\" data-element_type=\"section\">\n\t\t\t\t\t\t<div class=\"elementor-container elementor-column-gap-default\">\n\t\t\t\t\t<div class=\"elementor-column elementor-col-100 elementor-top-column elementor-element elementor-element-103d8fc\" data-id=\"103d8fc\" data-element_type=\"column\">\n\t\t\t<div class=\"elementor-widget-wrap elementor-element-populated\">\n\t\t\t\t\t\t<div class=\"elementor-element elementor-element-616fd2a elementor-widget elementor-widget-html\" data-id=\"616fd2a\" data-element_type=\"widget\" data-widget_type=\"html.default\">\n\t\t\t\t<div class=\"elementor-widget-container\">\n\t\t\t<p class=\"text-center\">\r\n<a href=\"https:\/\/totcapital.md\/en\/contacts\/\" class=\"btn btn-theme btn-inverse border-2\">Order Service<\/a>\r\n<\/p>\t\t<\/div>\n\t\t\t\t<\/div>\n\t\t\t\t\t<\/div>\n\t\t<\/div>\n\t\t\t\t\t<\/div>\n\t\t<\/section>\n\t\t\t\t<section class=\"elementor-section elementor-top-section elementor-element elementor-element-fa35692 elementor-section-boxed elementor-section-height-default elementor-section-height-default\" data-id=\"fa35692\" data-element_type=\"section\">\n\t\t\t\t\t\t<div class=\"elementor-container elementor-column-gap-default\">\n\t\t\t\t\t<div class=\"elementor-column elementor-col-100 elementor-top-column elementor-element elementor-element-6b6c063\" data-id=\"6b6c063\" data-element_type=\"column\">\n\t\t\t<div class=\"elementor-widget-wrap elementor-element-populated\">\n\t\t\t\t\t\t<div class=\"elementor-element elementor-element-33c26f3 elementor-widget elementor-widget-spacer\" data-id=\"33c26f3\" data-element_type=\"widget\" data-widget_type=\"spacer.default\">\n\t\t\t\t<div class=\"elementor-widget-container\">\n\t\t\t<style>\/*! elementor - v3.21.0 - 30-04-2024 *\/\n.elementor-column .elementor-spacer-inner{height:var(--spacer-size)}.e-con{--container-widget-width:100%}.e-con-inner>.elementor-widget-spacer,.e-con>.elementor-widget-spacer{width:var(--container-widget-width,var(--spacer-size));--align-self:var(--container-widget-align-self,initial);--flex-shrink:0}.e-con-inner>.elementor-widget-spacer>.elementor-widget-container,.e-con>.elementor-widget-spacer>.elementor-widget-container{height:100%;width:100%}.e-con-inner>.elementor-widget-spacer>.elementor-widget-container>.elementor-spacer,.e-con>.elementor-widget-spacer>.elementor-widget-container>.elementor-spacer{height:100%}.e-con-inner>.elementor-widget-spacer>.elementor-widget-container>.elementor-spacer>.elementor-spacer-inner,.e-con>.elementor-widget-spacer>.elementor-widget-container>.elementor-spacer>.elementor-spacer-inner{height:var(--container-widget-height,var(--spacer-size))}.e-con-inner>.elementor-widget-spacer.elementor-widget-empty,.e-con>.elementor-widget-spacer.elementor-widget-empty{position:relative;min-height:22px;min-width:22px}.e-con-inner>.elementor-widget-spacer.elementor-widget-empty .elementor-widget-empty-icon,.e-con>.elementor-widget-spacer.elementor-widget-empty .elementor-widget-empty-icon{position:absolute;top:0;bottom:0;left:0;right:0;margin:auto;padding:0;width:22px;height:22px}<\/style>\t\t<div class=\"elementor-spacer\">\n\t\t\t<div class=\"elementor-spacer-inner\"><\/div>\n\t\t<\/div>\n\t\t\t\t<\/div>\n\t\t\t\t<\/div>\n\t\t\t\t\t<\/div>\n\t\t<\/div>\n\t\t\t\t\t<\/div>\n\t\t<\/section>\n\t\t\t\t<\/div>","protected":false},"excerpt":{"rendered":"<p>Compania TotCapital v\u0103 poate acorda un suport profesional \u00een urm\u0103toarele direc\u021bii: Servicii de intermediere, mediere\/negocieri \u0219i consultare imobiliar\u0103 TotCapital ofer\u0103 expertiz\u0103 \u00een facilitarea tranzac\u021biilor imobiliare, ajut\u00e2nd clien\u021bii s\u0103 identifice \u0219i s\u0103 achizi\u021bioneze propriet\u0103\u021bi potrivite nevoilor lor, sau s\u0103 v\u00e2nd\u0103 propriet\u0103\u021bi existente. Aceasta include medierea \u0219i negocierea condi\u021biilor tranzac\u021biei pentru a ajunge la un acord mutual [&hellip;]<\/p>","protected":false},"author":1,"featured_media":0,"parent":0,"menu_order":0,"comment_status":"closed","ping_status":"closed","template":"","meta":{"_monsterinsights_skip_tracking":false,"_monsterinsights_sitenote_active":false,"_monsterinsights_sitenote_note":"","_monsterinsights_sitenote_category":0,"footnotes":""},"class_list":["post-6549","page","type-page","status-publish","hentry"],"yoast_head":"<!-- This site is optimized with the Yoast SEO plugin v25.2 - https:\/\/yoast.com\/wordpress\/plugins\/seo\/ -->\n<title>Servicii - TotCapital<\/title>\n<meta name=\"robots\" content=\"index, follow, max-snippet:-1, max-image-preview:large, max-video-preview:-1\" \/>\n<link rel=\"canonical\" href=\"https:\/\/totcapital.md\/en\/services\/\" \/>\n<meta property=\"og:locale\" content=\"en_US\" \/>\n<meta property=\"og:type\" content=\"article\" \/>\n<meta property=\"og:title\" content=\"Servicii - TotCapital\" \/>\n<meta property=\"og:description\" content=\"Compania TotCapital v\u0103 poate acorda un suport profesional \u00een urm\u0103toarele direc\u021bii: Servicii de intermediere, mediere\/negocieri \u0219i consultare imobiliar\u0103 TotCapital ofer\u0103 expertiz\u0103 \u00een facilitarea tranzac\u021biilor imobiliare, ajut\u00e2nd clien\u021bii s\u0103 identifice \u0219i s\u0103 achizi\u021bioneze propriet\u0103\u021bi potrivite nevoilor lor, sau s\u0103 v\u00e2nd\u0103 propriet\u0103\u021bi existente. Aceasta include medierea \u0219i negocierea condi\u021biilor tranzac\u021biei pentru a ajunge la un acord mutual [&hellip;]\" \/>\n<meta property=\"og:url\" content=\"https:\/\/totcapital.md\/en\/services\/\" \/>\n<meta property=\"og:site_name\" content=\"TotCapital\" \/>\n<meta property=\"article:modified_time\" content=\"2024-03-26T01:44:04+00:00\" \/>\n<meta name=\"twitter:card\" content=\"summary_large_image\" \/>\n<meta name=\"twitter:label1\" content=\"Est. reading time\" \/>\n\t<meta name=\"twitter:data1\" content=\"4 minutes\" \/>\n<script type=\"application\/ld+json\" class=\"yoast-schema-graph\">{\"@context\":\"https:\/\/schema.org\",\"@graph\":[{\"@type\":\"WebPage\",\"@id\":\"https:\/\/totcapital.md\/services\/\",\"url\":\"https:\/\/totcapital.md\/services\/\",\"name\":\"Servicii - TotCapital\",\"isPartOf\":{\"@id\":\"https:\/\/totcapital.md\/#website\"},\"datePublished\":\"2024-03-19T14:14:54+00:00\",\"dateModified\":\"2024-03-26T01:44:04+00:00\",\"breadcrumb\":{\"@id\":\"https:\/\/totcapital.md\/services\/#breadcrumb\"},\"inLanguage\":\"en-US\",\"potentialAction\":[{\"@type\":\"ReadAction\",\"target\":[\"https:\/\/totcapital.md\/services\/\"]}]},{\"@type\":\"BreadcrumbList\",\"@id\":\"https:\/\/totcapital.md\/services\/#breadcrumb\",\"itemListElement\":[{\"@type\":\"ListItem\",\"position\":1,\"name\":\"Home\",\"item\":\"https:\/\/totcapital.md\/\"},{\"@type\":\"ListItem\",\"position\":2,\"name\":\"Servicii\"}]},{\"@type\":\"WebSite\",\"@id\":\"https:\/\/totcapital.md\/#website\",\"url\":\"https:\/\/totcapital.md\/\",\"name\":\"TotCapital\",\"description\":\"Tot mai aproape de visul\u00a0t\u0103u!\",\"potentialAction\":[{\"@type\":\"SearchAction\",\"target\":{\"@type\":\"EntryPoint\",\"urlTemplate\":\"https:\/\/totcapital.md\/?s={search_term_string}\"},\"query-input\":{\"@type\":\"PropertyValueSpecification\",\"valueRequired\":true,\"valueName\":\"search_term_string\"}}],\"inLanguage\":\"en-US\"}]}<\/script>\n<!-- \/ Yoast SEO plugin. -->","yoast_head_json":{"title":"Servicii - TotCapital","robots":{"index":"index","follow":"follow","max-snippet":"max-snippet:-1","max-image-preview":"max-image-preview:large","max-video-preview":"max-video-preview:-1"},"canonical":"https:\/\/totcapital.md\/en\/services\/","og_locale":"en_US","og_type":"article","og_title":"Servicii - TotCapital","og_description":"Compania TotCapital v\u0103 poate acorda un suport profesional \u00een urm\u0103toarele direc\u021bii: Servicii de intermediere, mediere\/negocieri \u0219i consultare imobiliar\u0103 TotCapital ofer\u0103 expertiz\u0103 \u00een facilitarea tranzac\u021biilor imobiliare, ajut\u00e2nd clien\u021bii s\u0103 identifice \u0219i s\u0103 achizi\u021bioneze propriet\u0103\u021bi potrivite nevoilor lor, sau s\u0103 v\u00e2nd\u0103 propriet\u0103\u021bi existente. Aceasta include medierea \u0219i negocierea condi\u021biilor tranzac\u021biei pentru a ajunge la un acord mutual [&hellip;]","og_url":"https:\/\/totcapital.md\/en\/services\/","og_site_name":"TotCapital","article_modified_time":"2024-03-26T01:44:04+00:00","twitter_card":"summary_large_image","twitter_misc":{"Est. reading time":"4 minutes"},"schema":{"@context":"https:\/\/schema.org","@graph":[{"@type":"WebPage","@id":"https:\/\/totcapital.md\/services\/","url":"https:\/\/totcapital.md\/services\/","name":"Servicii - TotCapital","isPartOf":{"@id":"https:\/\/totcapital.md\/#website"},"datePublished":"2024-03-19T14:14:54+00:00","dateModified":"2024-03-26T01:44:04+00:00","breadcrumb":{"@id":"https:\/\/totcapital.md\/services\/#breadcrumb"},"inLanguage":"en-US","potentialAction":[{"@type":"ReadAction","target":["https:\/\/totcapital.md\/services\/"]}]},{"@type":"BreadcrumbList","@id":"https:\/\/totcapital.md\/services\/#breadcrumb","itemListElement":[{"@type":"ListItem","position":1,"name":"Home","item":"https:\/\/totcapital.md\/"},{"@type":"ListItem","position":2,"name":"Servicii"}]},{"@type":"WebSite","@id":"https:\/\/totcapital.md\/#website","url":"https:\/\/totcapital.md\/","name":"TotCapital","description":"Tot mai aproape de visul\u00a0t\u0103u!","potentialAction":[{"@type":"SearchAction","target":{"@type":"EntryPoint","urlTemplate":"https:\/\/totcapital.md\/?s={search_term_string}"},"query-input":{"@type":"PropertyValueSpecification","valueRequired":true,"valueName":"search_term_string"}}],"inLanguage":"en-US"}]}},"_links":{"self":[{"href":"https:\/\/totcapital.md\/en\/wp-json\/wp\/v2\/pages\/6549","targetHints":{"allow":["GET"]}}],"collection":[{"href":"https:\/\/totcapital.md\/en\/wp-json\/wp\/v2\/pages"}],"about":[{"href":"https:\/\/totcapital.md\/en\/wp-json\/wp\/v2\/types\/page"}],"author":[{"embeddable":true,"href":"https:\/\/totcapital.md\/en\/wp-json\/wp\/v2\/users\/1"}],"replies":[{"embeddable":true,"href":"https:\/\/totcapital.md\/en\/wp-json\/wp\/v2\/comments?post=6549"}],"version-history":[{"count":5,"href":"https:\/\/totcapital.md\/en\/wp-json\/wp\/v2\/pages\/6549\/revisions"}],"predecessor-version":[{"id":6767,"href":"https:\/\/totcapital.md\/en\/wp-json\/wp\/v2\/pages\/6549\/revisions\/6767"}],"wp:attachment":[{"href":"https:\/\/totcapital.md\/en\/wp-json\/wp\/v2\/media?parent=6549"}],"curies":[{"name":"wp","href":"https:\/\/api.w.org\/{rel}","templated":true}]}}